{"id":131,"date":"2016-12-26T17:12:20","date_gmt":"2016-12-26T16:12:20","guid":{"rendered":"http:\/\/multisite-wordpress.labunix.uqam.ca\/espoir\/?page_id=131"},"modified":"2016-12-26T17:12:20","modified_gmt":"2016-12-26T16:12:20","slug":"2015-2016","status":"publish","type":"page","link":"https:\/\/theatrepourlespoir.uqam.ca\/?page_id=131","title":{"rendered":"2015-2016"},"content":{"rendered":"<h2><span style=\"text-decoration: underline\">F\u00c9VRIER 2016<\/span><\/h2>\n<p><strong><em>Th\u00e9\u00e2tre pour l\u2019Espoir<\/em><\/strong><strong><em>\u00a0\u00a0\u00a0\u00a0\u00a0\u00a0\u00a0\u00a0\u00a0\u00a0\u00a0\u00a0\u00a0\u00a0\u00a0\u00a0\u00a0\u00a0\u00a0\u00a0\u00a0\u00a0\u00a0\u00a0\u00a0\u00a0\u00a0\u00a0\u00a0\u00a0\u00a0\u00a0\u00a0\u00a0\u00a0\u00a0\u00a0\u00a0\u00a0\u00a0\u00a0\u00a0\u00a0\u00a0\u00a0\u00a0\u00a0\u00a0\u00a0\u00a0\u00a0\u00a0\u00a0\u00a0\u00a0\u00a0\u00a0\u00a0\u00a0\u00a0\u00a0\u00a0\u00a0\u00a0\u00a0\u00a0\u00a0\u00a0\u00a0\u00a0\u00a0 \u00a0\u00a0\u00a0\u00a0\u00a0\u00a0\u00a0\u00a0\u00a0\u00a0\u00a0\u00a0 <\/em><\/strong><\/p>\n<p><strong><em>Atelier de cr\u00e9ation d\u2019activit\u00e9s de th\u00e9\u00e2tre pour les enfants r\u00e9fugi\u00e9s <\/em><\/strong><\/p>\n<p><strong>Dates\u00a0: 20 et 27 f\u00e9vrier <\/strong>2016, \u00a0\u00a0\u00a0\u00a0\u00a0\u00a0\u00a0\u00a0\u00a0\u00a0 \u00a0\u00a0\u00a0\u00a0\u00e0 <strong>20h<\/strong><\/p>\n<p><strong>Lieu<\/strong> : \u00c9cole sup\u00e9rieure de<\/p>\n<p>Th\u00e9\u00e2tre,<strong> J-1950 <\/strong><\/p>\n<p>UQAM, Pavillon Judith-Jasmin<\/p>\n<p>405, rue Sainte-Catherine Est<\/p>\n<p>Montr\u00e9al \/ M\u00e9tro Berri-UQAM<\/p>\n<p><strong>Entr\u00e9e gratuite <\/strong><\/p>\n<p>Les ateliers sont ouverts \u00e0 tous les int\u00e9ress\u00e9s et visent \u00e0 concevoir collectivement un cahier d\u2019activit\u00e9s de th\u00e9\u00e2tre destin\u00e9 aux enfants r\u00e9fugi\u00e9s. Les activit\u00e9s seront cr\u00e9\u00e9es de fa\u00e7on pratique et collaborative avec les participants. Il s\u2019agit d\u2019un moment privil\u00e9gi\u00e9 pour \u00e9changer des id\u00e9es p\u00e9dagogiques et artistiques. Pendant les deux ateliers, tous les participants \u00e9criront le d\u00e9roulement de chaque activit\u00e9 \u00e0 partir du partage de leurs connaissances et de leurs exp\u00e9riences vari\u00e9es.<\/p>\n<p>L\u2019\u00e9criture cr\u00e9ative assurera le dynamisme ludique, les valeurs humanistes de m\u00eame que la cr\u00e9ativit\u00e9 dans la construction th\u00e9matique de l\u2019espoir par le th\u00e9\u00e2tre.<\/p>\n<p>L\u2019ensemble de ces activit\u00e9s s\u2019ins\u00e8reront ensuite dans un cahier didactique intitul\u00e9 \u00ab\u00a0Th\u00e9\u00e2tre pour l\u2019espoir\u00a0\u00bb, un outil p\u00e9dagogique en format num\u00e9rique de libre acc\u00e8s \u00e0 tous.\u00a0 Nous enverrons ce mat\u00e9riel par courriel \u00e0 plusieurs \u00e9coles pour r\u00e9fugi\u00e9s et organismes qui travaillent avec cette client\u00e8le dans diff\u00e9rents pays.<\/p>\n<p>Aucune exp\u00e9rience artistique n\u2019est requise pour collaborer \u00e0 ce travail d\u2019exp\u00e9rience th\u00e9\u00e2trale et d\u2019\u00e9criture didactique. Il suffit que les valeurs de solidarit\u00e9 vous tiennent \u00e0 c\u0153ur afin de participer \u00e0 ce moment libre et cr\u00e9ateur de th\u00e9\u00e2tre social. Nous avons besoin de votre cr\u00e9ativit\u00e9, votre sensibilit\u00e9 de m\u00eame que votre enthousiasme envers cette action p\u00e9dagogique et humanitaire.<\/p>\n<p>Venez jouer,\u2026cr\u00e9er,\u2026inventer des exercices de th\u00e9\u00e2tre qui auront le pouvoir de donner de l\u2019espoir aux enfants qui vivent actuellement dans des conditions d\u2019exclusion et de d\u00e9couragement.<\/p>\n<p>Les participants sont libres de s\u2019impliquer dans un ou deux ateliers.<\/p>\n<p>&nbsp;<\/p>\n<p>M\u00e9diateur\u00a0: <strong>Ney Wendell<\/strong><\/p>\n<p>Ney Wendell est professeur \u00e0 l\u2019\u00c9cole sup\u00e9rieure de th\u00e9\u00e2tre de l\u2019UQAM, metteur en sc\u00e8ne br\u00e9silien, sp\u00e9cialiste en th\u00e9\u00e2tre social et m\u00e9diation th\u00e9\u00e2trale, auteur de plusieurs livres en portugais pour les enfants sur l\u2019art et les valeurs humanistes, collaborateur en art social dans des organismes communautaires au Br\u00e9sil et au Qu\u00e9bec.<\/p>\n<p>&nbsp;<\/p>\n<p>Inscriptions\u00a0: Faites-nous parvenir votre nom et vos disponibilit\u00e9s par courriel \u00e0\u00a0: <a href=\"mailto:cunha.ney@uqam.ca\">cunha.ney@uqam.ca<\/a><\/p>\n<p>&nbsp;<\/p>\n<h2><span style=\"text-decoration: underline\">AO\u00dbT 2016<\/span><\/h2>\n<p><strong>Atelier \u00ab Th\u00e9\u00e2tre en situation d\u2019urgence\u00a0: activit\u00e9s pour la formation artistique des enfants dans les camps de r\u00e9fugi\u00e9s\u00bb.<\/strong><\/p>\n<p>Date\u00a0: 11 Ao\u00fbt 2016\u00a0 13h00 &#8211; 15h30<\/p>\n<p>Local\u00a0: Monument-National \u2013 Studio<\/p>\n<p>1182 Boul St-Laurent<\/p>\n<p>Montr\u00e9al, QC, Canada<\/p>\n<p>&nbsp;<\/p>\n<p>Le Collectif Th\u00e9\u00e2tre Pour l\u2019Espoir est compos\u00e9 de militants de l\u2019art, de la culture et de l\u2019\u00e9ducation provenant du Canada, du Br\u00e9sil, du P\u00e9rou, de la France et du Liban. Ces membres interviennent lors de situations d\u2019urgence o\u00f9 le th\u00e9\u00e2tre devient un g\u00e9n\u00e9rateur d\u2019espoir. Ils cr\u00e9ent des projets de coop\u00e9ration internationale dans lesquels la culture et l\u2019\u00e9ducation sont des outils de transformation pour un monde solidaire.<\/p>\n<p>Pour le FSM, le collectif propose un atelier ouvert de pratiques th\u00e9\u00e2trales o\u00f9 seront pr\u00e9sent\u00e9es des activit\u00e9s con\u00e7ues pour \u00eatre r\u00e9alis\u00e9es par des enseignants travaillant aupr\u00e8s d\u2019enfants dans les camps de r\u00e9fugi\u00e9s (situations d\u2019urgence, espaces r\u00e9duits et faibles moyens).<\/p>\n","protected":false},"excerpt":{"rendered":"<p>F\u00c9VRIER 2016 Th\u00e9\u00e2tre pour l\u2019Espoir\u00a0\u00a0\u00a0\u00a0\u00a0\u00a0\u00a0\u00a0\u00a0\u00a0\u00a0\u00a0\u00a0\u00a0\u00a0\u00a0\u00a0\u00a0\u00a0\u00a0\u00a0\u00a0\u00a0\u00a0\u00a0\u00a0\u00a0\u00a0\u00a0\u00a0\u00a0\u00a0\u00a0\u00a0\u00a0\u00a0\u00a0\u00a0\u00a0\u00a0\u00a0\u00a0\u00a0\u00a0\u00a0\u00a0\u00a0\u00a0\u00a0\u00a0\u00a0\u00a0\u00a0\u00a0\u00a0\u00a0\u00a0\u00a0\u00a0\u00a0\u00a0\u00a0\u00a0\u00a0\u00a0\u00a0\u00a0\u00a0\u00a0\u00a0\u00a0 \u00a0\u00a0\u00a0\u00a0\u00a0\u00a0\u00a0\u00a0\u00a0\u00a0\u00a0\u00a0 Atelier de cr\u00e9ation d\u2019activit\u00e9s de th\u00e9\u00e2tre pour les enfants r\u00e9fugi\u00e9s Dates\u00a0: 20 et 27 f\u00e9vrier 2016, \u00a0\u00a0\u00a0\u00a0\u00a0\u00a0\u00a0\u00a0\u00a0\u00a0 \u00a0\u00a0\u00a0\u00a0\u00e0 20h Lieu : \u00c9cole sup\u00e9rieure de Th\u00e9\u00e2tre, J-1950 UQAM, Pavillon Judith-Jasmin 405, rue Sainte-Catherine Est Montr\u00e9al &hellip; <a href=\"https:\/\/theatrepourlespoir.uqam.ca\/?page_id=131\">Continuer la lecture <span class=\"meta-nav\">&rarr;<\/span><\/a><\/p>\n","protected":false},"author":34,"featured_media":0,"parent":0,"menu_order":0,"comment_status":"closed","ping_status":"closed","template":"","meta":{"footnotes":""},"class_list":["post-131","page","type-page","status-publish","hentry"],"_links":{"self":[{"href":"https:\/\/theatrepourlespoir.uqam.ca\/index.php?rest_route=\/wp\/v2\/pages\/131","targetHints":{"allow":["GET"]}}],"collection":[{"href":"https:\/\/theatrepourlespoir.uqam.ca\/index.php?rest_route=\/wp\/v2\/pages"}],"about":[{"href":"https:\/\/theatrepourlespoir.uqam.ca\/index.php?rest_route=\/wp\/v2\/types\/page"}],"author":[{"embeddable":true,"href":"https:\/\/theatrepourlespoir.uqam.ca\/index.php?rest_route=\/wp\/v2\/users\/34"}],"replies":[{"embeddable":true,"href":"https:\/\/theatrepourlespoir.uqam.ca\/index.php?rest_route=%2Fwp%2Fv2%2Fcomments&post=131"}],"version-history":[{"count":2,"href":"https:\/\/theatrepourlespoir.uqam.ca\/index.php?rest_route=\/wp\/v2\/pages\/131\/revisions"}],"predecessor-version":[{"id":135,"href":"https:\/\/theatrepourlespoir.uqam.ca\/index.php?rest_route=\/wp\/v2\/pages\/131\/revisions\/135"}],"wp:attachment":[{"href":"https:\/\/theatrepourlespoir.uqam.ca\/index.php?rest_route=%2Fwp%2Fv2%2Fmedia&parent=131"}],"curies":[{"name":"wp","href":"https:\/\/api.w.org\/{rel}","templated":true}]}}