{"id":39,"date":"2016-12-26T16:32:28","date_gmt":"2016-12-26T15:32:28","guid":{"rendered":"http:\/\/multisite-wordpress.labunix.uqam.ca\/espoir\/?page_id=39"},"modified":"2016-12-26T16:32:28","modified_gmt":"2016-12-26T15:32:28","slug":"le-collectif","status":"publish","type":"page","link":"https:\/\/theatrepourlespoir.uqam.ca\/","title":{"rendered":"Le collectif"},"content":{"rendered":"<p>Le Collectif th\u00e9\u00e2tre pour l\u2019espoir est compos\u00e9 de militants de l\u2019art, de la culture et de l\u2019\u00e9ducation provenant du Canada, du Br\u00e9sil, du P\u00e9rou, de France et du Liban. Ces membres interviennent face aux situations d\u2019urgence o\u00f9 le th\u00e9\u00e2tre est un g\u00e9n\u00e9rateur d\u2019espoir. Ils cr\u00e9ent des projets de coop\u00e9ration internationale o\u00f9 la culture et l\u2019\u00e9ducation sont des axes de transformations pour un monde solidaire.<\/p>\n","protected":false},"excerpt":{"rendered":"<p>Le Collectif th\u00e9\u00e2tre pour l\u2019espoir est compos\u00e9 de militants de l\u2019art, de la culture et de l\u2019\u00e9ducation provenant du Canada, du Br\u00e9sil, du P\u00e9rou, de France et du Liban. Ces membres interviennent face aux situations d\u2019urgence o\u00f9 le th\u00e9\u00e2tre est &hellip; <a href=\"https:\/\/theatrepourlespoir.uqam.ca\/\">Continuer la lecture <span class=\"meta-nav\">&rarr;<\/span><\/a><\/p>\n","protected":false},"author":34,"featured_media":0,"parent":0,"menu_order":0,"comment_status":"closed","ping_status":"closed","template":"","meta":{"footnotes":""},"class_list":["post-39","page","type-page","status-publish","hentry"],"_links":{"self":[{"href":"https:\/\/theatrepourlespoir.uqam.ca\/index.php?rest_route=\/wp\/v2\/pages\/39","targetHints":{"allow":["GET"]}}],"collection":[{"href":"https:\/\/theatrepourlespoir.uqam.ca\/index.php?rest_route=\/wp\/v2\/pages"}],"about":[{"href":"https:\/\/theatrepourlespoir.uqam.ca\/index.php?rest_route=\/wp\/v2\/types\/page"}],"author":[{"embeddable":true,"href":"https:\/\/theatrepourlespoir.uqam.ca\/index.php?rest_route=\/wp\/v2\/users\/34"}],"replies":[{"embeddable":true,"href":"https:\/\/theatrepourlespoir.uqam.ca\/index.php?rest_route=%2Fwp%2Fv2%2Fcomments&post=39"}],"version-history":[{"count":2,"href":"https:\/\/theatrepourlespoir.uqam.ca\/index.php?rest_route=\/wp\/v2\/pages\/39\/revisions"}],"predecessor-version":[{"id":43,"href":"https:\/\/theatrepourlespoir.uqam.ca\/index.php?rest_route=\/wp\/v2\/pages\/39\/revisions\/43"}],"wp:attachment":[{"href":"https:\/\/theatrepourlespoir.uqam.ca\/index.php?rest_route=%2Fwp%2Fv2%2Fmedia&parent=39"}],"curies":[{"name":"wp","href":"https:\/\/api.w.org\/{rel}","templated":true}]}}